{"id":117,"date":"2025-04-22T18:16:04","date_gmt":"2025-04-22T18:16:04","guid":{"rendered":"https:\/\/amvalverde.pt\/?page_id=117"},"modified":"2025-06-03T23:14:57","modified_gmt":"2025-06-03T22:14:57","slug":"associacao","status":"publish","type":"page","link":"https:\/\/amvalverde.pt\/index.php\/associacao\/","title":{"rendered":"Associa\u00e7\u00e3o de Moradores do Valverde"},"content":{"rendered":"\n\n\n<p>A <strong>AMV \u2013 Associa\u00e7\u00e3o de Moradores do Valverde<\/strong> \u00e9 uma entidade c\u00edvica sediada na Urbaniza\u00e7\u00e3o Valverde, em Santa Clara, Coimbra. Tem como miss\u00e3o defender e promover a qualidade de vida dos moradores, preservar o ambiente e os espa\u00e7os verdes, bem como gerir e resolver quest\u00f5es que afetem a comunidade local.<\/p>\n\n\n\n<h3 class=\"wp-block-heading\">Objetivos e Atividades<\/h3>\n\n\n\n<p>A AMV dedica-se \u00e0 manuten\u00e7\u00e3o dos espa\u00e7os verdes e \u00e1reas envolventes, limpeza, higieniza\u00e7\u00e3o e conserva\u00e7\u00e3o de \u00e1reas e espa\u00e7os de utiliza\u00e7\u00e3o coletiva. Em 2021, celebrou um acordo de coopera\u00e7\u00e3o com a C\u00e2mara Municipal de Coimbra, assumindo a gest\u00e3o do Parque do Valverde. Em contrapartida, a autarquia atribui uma comparticipa\u00e7\u00e3o financeira anual para apoiar as despesas de gest\u00e3o decorrentes dessa obriga\u00e7\u00e3o.<\/p>\n\n\n\n<p>Al\u00e9m disso, a AMV promove atividades comunit\u00e1rias e culturais, como eventos no Parque do Valverde, incluindo Piqueniques, Festas de Anivers\u00e1rio, Conv\u00edvios, Celebra\u00e7\u00f5es Tradicionais, Sensibiliza\u00e7\u00e3o Ambiental, caminhadas pelos Trilhos, etc..<\/p>\n","protected":false},"excerpt":{"rendered":"<p>A AMV \u2013 Associa\u00e7\u00e3o de Moradores do Valverde \u00e9 uma entidade c\u00edvica sediada na Urbaniza\u00e7\u00e3o Valverde, em Santa Clara, Coimbra. Tem como miss\u00e3o defender e promover a qualidade de vida [&hellip;]<\/p>\n","protected":false},"author":1,"featured_media":0,"parent":0,"menu_order":0,"comment_status":"closed","ping_status":"closed","template":"full-width","meta":{"_acf_changed":false,"saved_in_kubio":true,"_price":"","_stock":"","_tribe_ticket_header":"","_tribe_default_ticket_provider":"","_tribe_ticket_capacity":"0","_ticket_start_date":"","_ticket_end_date":"","_tribe_ticket_show_description":"","_tribe_ticket_show_not_going":false,"_tribe_ticket_use_global_stock":"","_tribe_ticket_global_stock_level":"","_global_stock_mode":"","_global_stock_cap":"","_tribe_rsvp_for_event":"","_tribe_ticket_going_count":"","_tribe_ticket_not_going_count":"","_tribe_tickets_list":"[]","_tribe_ticket_has_attendee_info_fields":false,"footnotes":"","_tec_slr_enabled":"","_tec_slr_layout":""},"class_list":["post-117","page","type-page","status-publish","hentry"],"acf":[],"kubio_ai_page_context":{"short_desc":"","purpose":"general"},"ticketed":false,"_links":{"self":[{"href":"https:\/\/amvalverde.pt\/index.php\/wp-json\/wp\/v2\/pages\/117","targetHints":{"allow":["GET"]}}],"collection":[{"href":"https:\/\/amvalverde.pt\/index.php\/wp-json\/wp\/v2\/pages"}],"about":[{"href":"https:\/\/amvalverde.pt\/index.php\/wp-json\/wp\/v2\/types\/page"}],"author":[{"embeddable":true,"href":"https:\/\/amvalverde.pt\/index.php\/wp-json\/wp\/v2\/users\/1"}],"replies":[{"embeddable":true,"href":"https:\/\/amvalverde.pt\/index.php\/wp-json\/wp\/v2\/comments?post=117"}],"version-history":[{"count":10,"href":"https:\/\/amvalverde.pt\/index.php\/wp-json\/wp\/v2\/pages\/117\/revisions"}],"predecessor-version":[{"id":529,"href":"https:\/\/amvalverde.pt\/index.php\/wp-json\/wp\/v2\/pages\/117\/revisions\/529"}],"wp:attachment":[{"href":"https:\/\/amvalverde.pt\/index.php\/wp-json\/wp\/v2\/media?parent=117"}],"curies":[{"name":"wp","href":"https:\/\/api.w.org\/{rel}","templated":true}]}}